{"id":827,"date":"2025-01-29T11:10:37","date_gmt":"2025-01-29T10:10:37","guid":{"rendered":"https:\/\/www.futuresk.eu\/datenschutzrichtlinie"},"modified":"2025-01-29T11:24:53","modified_gmt":"2025-01-29T10:24:53","slug":"datenschutzrichtlinie","status":"publish","type":"page","link":"https:\/\/www.futuresk.eu\/de\/datenschutzrichtlinie","title":{"rendered":"Datenschutzrichtlinie"},"content":{"rendered":"\t\t<div data-elementor-type=\"wp-page\" data-elementor-id=\"827\" class=\"elementor elementor-827 elementor-818\" data-elementor-post-type=\"page\">\n\t\t\t\t<div class=\"elementor-element elementor-element-1404ae0 e-flex e-con-boxed e-con e-parent\" data-id=\"1404ae0\" data-element_type=\"container\" data-e-type=\"container\">\n\t\t\t\t\t<div class=\"e-con-inner\">\n\t\t\t\t<div class=\"elementor-element elementor-element-7d24a14 elementor-widget elementor-widget-heading\" data-id=\"7d24a14\" data-element_type=\"widget\" data-e-type=\"widget\" data-widget_type=\"heading.default\">\n\t\t\t\t<div class=\"elementor-widget-container\">\n\t\t\t\t\t<h2 class=\"elementor-heading-title elementor-size-default\">Datenschutzrichtlinie<\/h2>\t\t\t\t<\/div>\n\t\t\t\t<\/div>\n\t\t\t\t\t<\/div>\n\t\t\t\t<\/div>\n\t\t<div class=\"elementor-element elementor-element-ca9ec1f e-flex e-con-boxed e-con e-parent\" data-id=\"ca9ec1f\" data-element_type=\"container\" data-e-type=\"container\">\n\t\t\t\t\t<div class=\"e-con-inner\">\n\t\t\t\t<div class=\"elementor-element elementor-element-1082db4 elementor-widget elementor-widget-text-editor\" data-id=\"1082db4\" data-element_type=\"widget\" data-e-type=\"widget\" data-widget_type=\"text-editor.default\">\n\t\t\t\t<div class=\"elementor-widget-container\">\n\t\t\t\t\t\t\t\t\t<p>Ihre Privatsph\u00e4re ist uns wichtig. Deshalb legen wir gr\u00f6\u00dften Wert auf den Schutz der von uns verarbeiteten personenbezogenen Daten. Dieses Dokument informiert Sie dar\u00fcber, welche Daten wir sammeln, zu welchem Zweck wir sie verwenden und welche Rechte Sie in Bezug auf den Schutz Ihrer personenbezogenen Daten haben.<\/p>\n\t\t\t\t\t\t\t\t<\/div>\n\t\t\t\t<\/div>\n\t\t\t\t<div class=\"elementor-element elementor-element-cf39129 elementor-widget elementor-widget-text-editor\" data-id=\"cf39129\" data-element_type=\"widget\" data-e-type=\"widget\" data-widget_type=\"text-editor.default\">\n\t\t\t\t<div class=\"elementor-widget-container\">\n\t\t\t\t\t\t\t\t\t<p>1. Verantwortliche Person f\u00fcr die Datenverarbeitung<br \/>\nDer f\u00fcr die Verarbeitung Ihrer personenbezogenen Daten Verantwortliche ist:<br \/>\nFUTURE SK, s.r.o<br \/>\nJasenica 391,<br \/>\n018 17 Jasenica<br \/>\nI\u010cO: 53539788<br \/>\nEmail: info@futuresk.eu<\/p>\n\t\t\t\t\t\t\t\t<\/div>\n\t\t\t\t<\/div>\n\t\t\t\t<div class=\"elementor-element elementor-element-0590313 elementor-widget elementor-widget-text-editor\" data-id=\"0590313\" data-element_type=\"widget\" data-e-type=\"widget\" data-widget_type=\"text-editor.default\">\n\t\t\t\t<div class=\"elementor-widget-container\">\n\t\t\t\t\t\t\t\t\t<p>2. Welche Daten sammeln wir und zu welchem Zweck?<\/p>\n<p>(a) Daten aus Kontakt-Formularen<\/p>\n<ul>\n<li>Wir verarbeiten die Daten, die Sie uns \u00fcber das Kontaktformular zur Verf\u00fcgung stellen (z.B. Name, E-Mail-Adresse, Telefonnummer, Inhalt der Nachricht) ausschlie\u00dflich zum Zweck der Bearbeitung Ihrer Anfrage und der Kommunikation mit Ihnen.<\/li>\n<li>Rechtsgrundlage f\u00fcr die Verarbeitung: Erf\u00fcllung eines Vertrags oder vorvertraglicher Beziehungen gem\u00e4\u00df Artikel 6 Absatz 1 Buchstabe b der DSGVO.<\/li>\n<\/ul>\n<p>(b) Analysedaten<\/p>\n<ul>\n<li>Wir verwenden Google Analytics auf unserer Website, um anonyme statistische Daten \u00fcber den Website-Verkehr zu sammeln, damit wir den Inhalt und die Benutzererfahrung verbessern k\u00f6nnen.<\/li>\n<li>Google Analytics sammelt Informationen wie IP-Adresse, Ger\u00e4tetyp, Browser, Quelle des Besuchs und Nutzerverhalten auf der Website. Diese Daten sind anonymisiert und k\u00f6nnen nicht zur Identifizierung eines bestimmten Nutzers verwendet werden.<\/li>\n<li>Rechtsgrundlage f\u00fcr die Verarbeitung: berechtigtes Interesse gem\u00e4\u00df Artikel 6 Absatz 1 Buchstabe f der DSGVO.<\/li>\n<\/ul>\n\t\t\t\t\t\t\t\t<\/div>\n\t\t\t\t<\/div>\n\t\t\t\t<div class=\"elementor-element elementor-element-a5b91f6 elementor-widget elementor-widget-text-editor\" data-id=\"a5b91f6\" data-element_type=\"widget\" data-e-type=\"widget\" data-widget_type=\"text-editor.default\">\n\t\t\t\t<div class=\"elementor-widget-container\">\n\t\t\t\t\t\t\t\t\t<p>3. Wem stellen wir Daten zur Verf\u00fcgung?<\/p>\n<p>Wir geben Ihre pers\u00f6nlichen Daten nicht an Dritte weiter, mit Ausnahme von:<\/p>\n<ul>\n<li>Google LLC, als Anbieter von Google Analytics. Dieser Dienst kann Daten au\u00dferhalb der EU \u00fcbertragen, und Google gew\u00e4hrleistet den Datenschutz durch Standardvertragsklauseln.<\/li>\n<\/ul>\n\t\t\t\t\t\t\t\t<\/div>\n\t\t\t\t<\/div>\n\t\t\t\t<div class=\"elementor-element elementor-element-0676461 elementor-widget elementor-widget-text-editor\" data-id=\"0676461\" data-element_type=\"widget\" data-e-type=\"widget\" data-widget_type=\"text-editor.default\">\n\t\t\t\t<div class=\"elementor-widget-container\">\n\t\t\t\t\t\t\t\t\t<p>4. Wie lange werden die Daten aufbewahrt?<br \/>\nWir bewahren die Daten aus Kontaktformularen so lange auf, wie es f\u00fcr die Bearbeitung Ihrer Anfrage erforderlich ist, jedoch nicht l\u00e4nger als 12 Monate nach Beendigung der Kommunikation.<\/p>\n<p>Die von Google Analytics gesammelten Analysedaten werden gem\u00e4\u00df den Richtlinien von Google aufbewahrt (derzeit 14 Monate).<\/p>\n\t\t\t\t\t\t\t\t<\/div>\n\t\t\t\t<\/div>\n\t\t\t\t<div class=\"elementor-element elementor-element-5323ddc elementor-widget elementor-widget-text-editor\" data-id=\"5323ddc\" data-element_type=\"widget\" data-e-type=\"widget\" data-widget_type=\"text-editor.default\">\n\t\t\t\t<div class=\"elementor-widget-container\">\n\t\t\t\t\t\t\t\t\t<p>5. Cookies<br \/>\nCookies sind kleine Textdateien, die auf Ihrem Ger\u00e4t (Computer, Tablet, Smartphone) gespeichert werden, wenn Sie unsere Website besuchen. Diese Dateien helfen uns, Ihr Ger\u00e4t zu erkennen, die Funktionalit\u00e4t unserer Website zu verbessern und erm\u00f6glichen es uns, personalisierte Inhalte anzubieten.<\/p>\n<p>a) Wir verwenden die folgenden Arten von Cookies auf unserer Website:<\/p>\n<ul>\n<li>Notwendige Cookies:<br \/>\nDiese Cookies sind f\u00fcr das reibungslose Funktionieren der Website unerl\u00e4sslich. Ohne sie w\u00fcrden einige Funktionen nicht richtig funktionieren (z. B. die Navigation, der Zugang zu gesch\u00fctzten Bereichen).<\/li>\n<li>Analytische Cookies:<br \/>\nDiese Cookies erm\u00f6glichen es uns, das Nutzerverhalten auf unserer Website zu analysieren und ihre Inhalte und Funktionen zu verbessern (z. B. Google Analytics).<\/li>\n<li>Funktionelle Cookies:<br \/>\nDiese Cookies speichern Ihre Pr\u00e4ferenzen, wie z. B. Sprache oder Region, um Ihre Nutzererfahrung zu verbessern.<\/li>\n<li>Marketing-Cookies:<br \/>\nDiese Cookies werden verwendet, um Werbeinhalte zu personalisieren und die Wirksamkeit von Anzeigen zu verfolgen. Diese Daten k\u00f6nnen mit unseren Werbepartnern geteilt werden.<\/li>\n<\/ul>\n<p>b) Wie und warum verwenden wir Cookies?<\/p>\n<p>Wir verwenden Cookies:<\/p>\n<ul>\n<li>Sicherstellung der Funktionalit\u00e4t unserer Website.<\/li>\n<li>Verbesserung der Nutzererfahrung.<\/li>\n<li>Analyse des Datenverkehrs und des Nutzerverhaltens.<\/li>\n<li>Anpassung des Inhalts und der Werbung.<\/li>\n<\/ul>\n<p>c) Einwilligung zur Verwendung von Cookies<\/p>\n<p>Wenn Sie unsere Website zum ersten Mal besuchen, werden Sie aufgefordert, der Verwendung von Cookies zuzustimmen. Sie k\u00f6nnen diese Zustimmung jederzeit widerrufen oder Ihre Pr\u00e4ferenzen \u00fcber Ihre Browsereinstellungen \u00e4ndern.<\/p>\n<p>d) Wie kann ich Cookies verwalten oder deaktivieren?<\/p>\n<p>Bei den meisten Browsern k\u00f6nnen Sie Cookies in den Einstellungen verwalten oder deaktivieren:<\/p>\n<ul>\n<li>Google Chrome: Cookies-Einstellungen<\/li>\n<li>Mozilla Firefox: Cookies-Einstellungen<\/li>\n<li>Safari: Cookies-Einstellungen<\/li>\n<li>Microsoft Edge: Cookies-Einstellungen<\/li>\n<li>Die Deaktivierung von Cookies kann die Funktionalit\u00e4t einiger Teile unserer Website beeintr\u00e4chtigen.<\/li>\n<\/ul>\n\t\t\t\t\t\t\t\t<\/div>\n\t\t\t\t<\/div>\n\t\t\t\t<div class=\"elementor-element elementor-element-6d9fe6d elementor-widget elementor-widget-text-editor\" data-id=\"6d9fe6d\" data-element_type=\"widget\" data-e-type=\"widget\" data-widget_type=\"text-editor.default\">\n\t\t\t\t<div class=\"elementor-widget-container\">\n\t\t\t\t\t\t\t\t\t<p>6. Kontakt zur Aufsichtsbeh\u00f6rde<br \/>\nWenn Sie sich in Ihren Rechten verletzt f\u00fchlen, haben Sie das Recht, eine Beschwerde bei der Aufsichtsbeh\u00f6rde einzureichen, Amt f\u00fcr den Schutz personenbezogener Daten der Slowakischen Republik<br \/>\nWeb: https:\/\/dataprotection.gov.sk<\/p>\n\t\t\t\t\t\t\t\t<\/div>\n\t\t\t\t<\/div>\n\t\t\t\t\t<\/div>\n\t\t\t\t<\/div>\n\t\t\t\t<\/div>\n\t\t","protected":false},"excerpt":{"rendered":"<p>Datenschutzrichtlinie Ihre Privatsph\u00e4re ist uns wichtig. Deshalb legen wir gr\u00f6\u00dften Wert auf den Schutz der von uns verarbeiteten personenbezogenen Daten. Dieses Dokument informiert Sie dar\u00fcber, welche Daten wir sammeln, zu welchem Zweck wir sie verwenden und welche Rechte Sie in Bezug auf den Schutz Ihrer personenbezogenen Daten haben. 1. Verantwortliche Person f\u00fcr die Datenverarbeitung Der [&hellip;]<\/p>\n","protected":false},"author":1,"featured_media":0,"parent":0,"menu_order":0,"comment_status":"closed","ping_status":"closed","template":"","meta":{"footnotes":""},"class_list":["post-827","page","type-page","status-publish","hentry"],"_links":{"self":[{"href":"https:\/\/www.futuresk.eu\/de\/wp-json\/wp\/v2\/pages\/827","targetHints":{"allow":["GET"]}}],"collection":[{"href":"https:\/\/www.futuresk.eu\/de\/wp-json\/wp\/v2\/pages"}],"about":[{"href":"https:\/\/www.futuresk.eu\/de\/wp-json\/wp\/v2\/types\/page"}],"author":[{"embeddable":true,"href":"https:\/\/www.futuresk.eu\/de\/wp-json\/wp\/v2\/users\/1"}],"replies":[{"embeddable":true,"href":"https:\/\/www.futuresk.eu\/de\/wp-json\/wp\/v2\/comments?post=827"}],"version-history":[{"count":3,"href":"https:\/\/www.futuresk.eu\/de\/wp-json\/wp\/v2\/pages\/827\/revisions"}],"predecessor-version":[{"id":830,"href":"https:\/\/www.futuresk.eu\/de\/wp-json\/wp\/v2\/pages\/827\/revisions\/830"}],"wp:attachment":[{"href":"https:\/\/www.futuresk.eu\/de\/wp-json\/wp\/v2\/media?parent=827"}],"curies":[{"name":"wp","href":"https:\/\/api.w.org\/{rel}","templated":true}]}}