{"id":665,"date":"2024-03-14T15:15:58","date_gmt":"2024-03-14T14:15:58","guid":{"rendered":"https:\/\/futuresk.eu\/jobangebot"},"modified":"2024-04-09T08:24:56","modified_gmt":"2024-04-09T07:24:56","slug":"stellenangebot","status":"publish","type":"page","link":"https:\/\/www.futuresk.eu\/de\/stellenangebot","title":{"rendered":"Stellenangebot"},"content":{"rendered":"\t\t<div data-elementor-type=\"wp-page\" data-elementor-id=\"665\" class=\"elementor elementor-665 elementor-351\" data-elementor-post-type=\"page\">\n\t\t\t\t<div class=\"elementor-element elementor-element-8343983 e-flex e-con-boxed e-con e-parent\" data-id=\"8343983\" data-element_type=\"container\" data-e-type=\"container\" data-settings=\"{&quot;background_background&quot;:&quot;classic&quot;}\">\n\t\t\t\t\t<div class=\"e-con-inner\">\n\t\t\t\t<div class=\"elementor-element elementor-element-aa55a8c elementor-widget elementor-widget-heading\" data-id=\"aa55a8c\" data-element_type=\"widget\" data-e-type=\"widget\" data-widget_type=\"heading.default\">\n\t\t\t\t<div class=\"elementor-widget-container\">\n\t\t\t\t\t<h1 class=\"elementor-heading-title elementor-size-default\">Arbeit im Ausland <br>mit Ger\u00fcsten<\/h1>\t\t\t\t<\/div>\n\t\t\t\t<\/div>\n\t\t\t\t<div class=\"elementor-element elementor-element-1d024f2 elementor-widget elementor-widget-text-editor\" data-id=\"1d024f2\" data-element_type=\"widget\" data-e-type=\"widget\" data-widget_type=\"text-editor.default\">\n\t\t\t\t<div class=\"elementor-widget-container\">\n\t\t\t\t\t\t\t\t\t<p>Deutschland \/ \u00d6sterreich<\/p>\n\t\t\t\t\t\t\t\t<\/div>\n\t\t\t\t<\/div>\n\t\t\t\t\t<\/div>\n\t\t\t\t<\/div>\n\t\t<div class=\"elementor-element elementor-element-8b0228d e-flex e-con-boxed e-con e-parent\" data-id=\"8b0228d\" data-element_type=\"container\" data-e-type=\"container\" data-settings=\"{&quot;background_background&quot;:&quot;classic&quot;}\">\n\t\t\t\t\t<div class=\"e-con-inner\">\n\t\t\t\t<div class=\"elementor-element elementor-element-b6c8c24 elementor-widget elementor-widget-spacer\" data-id=\"b6c8c24\" data-element_type=\"widget\" data-e-type=\"widget\" data-widget_type=\"spacer.default\">\n\t\t\t\t<div class=\"elementor-widget-container\">\n\t\t\t\t\t\t\t<div class=\"elementor-spacer\">\n\t\t\t<div class=\"elementor-spacer-inner\"><\/div>\n\t\t<\/div>\n\t\t\t\t\t\t<\/div>\n\t\t\t\t<\/div>\n\t\t\t\t<div class=\"elementor-element elementor-element-753d3bd elementor-widget elementor-widget-text-editor\" data-id=\"753d3bd\" data-element_type=\"widget\" data-e-type=\"widget\" data-widget_type=\"text-editor.default\">\n\t\t\t\t<div class=\"elementor-widget-container\">\n\t\t\t\t\t\t\t\t\t<p>M\u00f6chten Sie als Ger\u00fcstbauer in unserem Team<br \/>\narbeiten? Dann f\u00fcllen Sie bitte unser Kontaktformular aus.<\/p>\n\t\t\t\t\t\t\t\t<\/div>\n\t\t\t\t<\/div>\n\t\t\t\t<div class=\"elementor-element elementor-element-23bfe8e elementor-align-center elementor-mobile-align-center elementor-widget elementor-widget-button\" data-id=\"23bfe8e\" data-element_type=\"widget\" data-e-type=\"widget\" data-widget_type=\"button.default\">\n\t\t\t\t<div class=\"elementor-widget-container\">\n\t\t\t\t\t\t\t\t\t<div class=\"elementor-button-wrapper\">\n\t\t\t\t\t<a class=\"elementor-button elementor-button-link elementor-size-sm\" href=\"#formular-na-pracovnu-ponuku\">\n\t\t\t\t\t\t<span class=\"elementor-button-content-wrapper\">\n\t\t\t\t\t\t\t\t\t<span class=\"elementor-button-text\">Ich bin interessiert<\/span>\n\t\t\t\t\t<\/span>\n\t\t\t\t\t<\/a>\n\t\t\t\t<\/div>\n\t\t\t\t\t\t\t\t<\/div>\n\t\t\t\t<\/div>\n\t\t\t\t<div class=\"elementor-element elementor-element-125a8b6 elementor-widget elementor-widget-spacer\" data-id=\"125a8b6\" data-element_type=\"widget\" data-e-type=\"widget\" data-widget_type=\"spacer.default\">\n\t\t\t\t<div class=\"elementor-widget-container\">\n\t\t\t\t\t\t\t<div class=\"elementor-spacer\">\n\t\t\t<div class=\"elementor-spacer-inner\"><\/div>\n\t\t<\/div>\n\t\t\t\t\t\t<\/div>\n\t\t\t\t<\/div>\n\t\t\t\t\t<\/div>\n\t\t\t\t<\/div>\n\t\t<div class=\"elementor-element elementor-element-6864f1a e-flex e-con-boxed e-con e-parent\" data-id=\"6864f1a\" data-element_type=\"container\" data-e-type=\"container\">\n\t\t\t\t\t<div class=\"e-con-inner\">\n\t\t\t\t<div class=\"elementor-element elementor-element-d5fb5a9 elementor-widget elementor-widget-spacer\" data-id=\"d5fb5a9\" data-element_type=\"widget\" data-e-type=\"widget\" data-widget_type=\"spacer.default\">\n\t\t\t\t<div class=\"elementor-widget-container\">\n\t\t\t\t\t\t\t<div class=\"elementor-spacer\">\n\t\t\t<div class=\"elementor-spacer-inner\"><\/div>\n\t\t<\/div>\n\t\t\t\t\t\t<\/div>\n\t\t\t\t<\/div>\n\t\t\t\t<div class=\"elementor-element elementor-element-0cfb8e5 elementor-widget elementor-widget-heading\" data-id=\"0cfb8e5\" data-element_type=\"widget\" data-e-type=\"widget\" data-widget_type=\"heading.default\">\n\t\t\t\t<div class=\"elementor-widget-container\">\n\t\t\t\t\t<h3 class=\"elementor-heading-title elementor-size-default\">Wir bieten Ihnen an:<\/h3>\t\t\t\t<\/div>\n\t\t\t\t<\/div>\n\t\t\t\t<div class=\"elementor-element elementor-element-e103220 elementor-widget elementor-widget-text-editor\" data-id=\"e103220\" data-element_type=\"widget\" data-e-type=\"widget\" data-widget_type=\"text-editor.default\">\n\t\t\t\t<div class=\"elementor-widget-container\">\n\t\t\t\t\t\t\t\t\t<ul><li>attraktives Gehalt (je nach Berufserfahrung)<\/li><li>Arbeitszyklus 2+1 oder Nach Vereinbarung<\/li><li>Vorschusszahlungm\u00f6glichkeit nach der ersten Arbeitswoche<\/li><li>Fahrtkostenzuschuss<\/li><li>Unterkunft im Ausland ist organisiert und gesichert<\/li><li>nach der Probezeit stellen wir eine komplette Ger\u00fcstausr\u00fcstung zur Verf\u00fcgung<\/li><\/ul>\t\t\t\t\t\t\t\t<\/div>\n\t\t\t\t<\/div>\n\t\t\t\t\t<\/div>\n\t\t\t\t<\/div>\n\t\t<div class=\"elementor-element elementor-element-c83bdd3 e-flex e-con-boxed e-con e-parent\" data-id=\"c83bdd3\" data-element_type=\"container\" data-e-type=\"container\">\n\t\t\t\t\t<div class=\"e-con-inner\">\n\t\t\t\t<div class=\"elementor-element elementor-element-9d8103a elementor-widget elementor-widget-spacer\" data-id=\"9d8103a\" data-element_type=\"widget\" data-e-type=\"widget\" data-widget_type=\"spacer.default\">\n\t\t\t\t<div class=\"elementor-widget-container\">\n\t\t\t\t\t\t\t<div class=\"elementor-spacer\">\n\t\t\t<div class=\"elementor-spacer-inner\"><\/div>\n\t\t<\/div>\n\t\t\t\t\t\t<\/div>\n\t\t\t\t<\/div>\n\t\t\t\t<div class=\"elementor-element elementor-element-e711d96 elementor-widget elementor-widget-heading\" data-id=\"e711d96\" data-element_type=\"widget\" data-e-type=\"widget\" data-widget_type=\"heading.default\">\n\t\t\t\t<div class=\"elementor-widget-container\">\n\t\t\t\t\t<h3 class=\"elementor-heading-title elementor-size-default\">Wir verlangen<\/h3>\t\t\t\t<\/div>\n\t\t\t\t<\/div>\n\t\t\t\t<div class=\"elementor-element elementor-element-5b876a4 elementor-widget elementor-widget-text-editor\" data-id=\"5b876a4\" data-element_type=\"widget\" data-e-type=\"widget\" data-widget_type=\"text-editor.default\">\n\t\t\t\t<div class=\"elementor-widget-container\">\n\t\t\t\t\t\t\t\t\t<ul>\r\n \t<li>F\u00fchrerschein B<\/li>\r\n \t<li>C-F\u00fchrerschein von Vorteil<\/li>\r\n \t<li>Ger\u00fcstbauerfahrung vorzugsweise<\/li>\r\n \t<li>Ger\u00fcstbauerlaubnis vorzugsweise<\/li>\r\n \t<li>Deutsche Sprachkenntnisse vorzugsweise<\/li>\r\n \t<li>andere Berufs- und Sicherheitslizenzen und -bescheinigungen von Vorteil<\/li>\r\n<\/ul>\r\n&nbsp;\t\t\t\t\t\t\t\t<\/div>\n\t\t\t\t<\/div>\n\t\t\t\t\t<\/div>\n\t\t\t\t<\/div>\n\t\t<div class=\"elementor-element elementor-element-df93760 e-flex e-con-boxed e-con e-parent\" data-id=\"df93760\" data-element_type=\"container\" data-e-type=\"container\">\n\t\t\t\t\t<div class=\"e-con-inner\">\n\t\t\t\t<div class=\"elementor-element elementor-element-17480e9 elementor-widget elementor-widget-spacer\" data-id=\"17480e9\" data-element_type=\"widget\" data-e-type=\"widget\" data-widget_type=\"spacer.default\">\n\t\t\t\t<div class=\"elementor-widget-container\">\n\t\t\t\t\t\t\t<div class=\"elementor-spacer\">\n\t\t\t<div class=\"elementor-spacer-inner\"><\/div>\n\t\t<\/div>\n\t\t\t\t\t\t<\/div>\n\t\t\t\t<\/div>\n\t\t\t\t<div class=\"elementor-element elementor-element-0788479 elementor-widget elementor-widget-heading\" data-id=\"0788479\" data-element_type=\"widget\" data-e-type=\"widget\" data-widget_type=\"heading.default\">\n\t\t\t\t<div class=\"elementor-widget-container\">\n\t\t\t\t\t<h3 class=\"elementor-heading-title elementor-size-default\">Notwendig f\u00fcr Reisen ins Ausland<\/h3>\t\t\t\t<\/div>\n\t\t\t\t<\/div>\n\t\t\t\t<div class=\"elementor-element elementor-element-3cdb205 elementor-widget elementor-widget-text-editor\" data-id=\"3cdb205\" data-element_type=\"widget\" data-e-type=\"widget\" data-widget_type=\"text-editor.default\">\n\t\t\t\t<div class=\"elementor-widget-container\">\n\t\t\t\t\t\t\t\t\t<ul><li>Personalausweis\/Reisepass<\/li><li>Krankenversicherungskarte<\/li><li>Gewerbeschein<\/li><li>A1 \/ A<\/li><li>Kontonummer<\/li><\/ul><p>(bei fehlenden Dokumenten und Schulungen k\u00f6nnen wir Ihnen gerne helfen.)<\/p>\t\t\t\t\t\t\t\t<\/div>\n\t\t\t\t<\/div>\n\t\t\t\t\t<\/div>\n\t\t\t\t<\/div>\n\t\t<div class=\"elementor-element elementor-element-a106bd7 e-flex e-con-boxed e-con e-parent\" data-id=\"a106bd7\" data-element_type=\"container\" data-e-type=\"container\" id=\"formular-na-pracovnu-ponuku\">\n\t\t\t\t\t<div class=\"e-con-inner\">\n\t\t\t\t<div class=\"elementor-element elementor-element-5d3813b elementor-widget elementor-widget-spacer\" data-id=\"5d3813b\" data-element_type=\"widget\" data-e-type=\"widget\" data-widget_type=\"spacer.default\">\n\t\t\t\t<div class=\"elementor-widget-container\">\n\t\t\t\t\t\t\t<div class=\"elementor-spacer\">\n\t\t\t<div class=\"elementor-spacer-inner\"><\/div>\n\t\t<\/div>\n\t\t\t\t\t\t<\/div>\n\t\t\t\t<\/div>\n\t\t\t\t<div class=\"elementor-element elementor-element-49815d6 elementor-widget elementor-widget-heading\" data-id=\"49815d6\" data-element_type=\"widget\" data-e-type=\"widget\" data-widget_type=\"heading.default\">\n\t\t\t\t<div class=\"elementor-widget-container\">\n\t\t\t\t\t<h3 class=\"elementor-heading-title elementor-size-default\">Kontakt \u2013 Formular:<\/h3>\t\t\t\t<\/div>\n\t\t\t\t<\/div>\n\t\t\t\t<div class=\"elementor-element elementor-element-84538e8 elementor-widget elementor-widget-spacer\" data-id=\"84538e8\" data-element_type=\"widget\" data-e-type=\"widget\" data-widget_type=\"spacer.default\">\n\t\t\t\t<div class=\"elementor-widget-container\">\n\t\t\t\t\t\t\t<div class=\"elementor-spacer\">\n\t\t\t<div class=\"elementor-spacer-inner\"><\/div>\n\t\t<\/div>\n\t\t\t\t\t\t<\/div>\n\t\t\t\t<\/div>\n\t\t\t\t\t<\/div>\n\t\t\t\t<\/div>\n\t\t<div class=\"elementor-element elementor-element-e6038c9 e-flex e-con-boxed e-con e-parent\" data-id=\"e6038c9\" data-element_type=\"container\" data-e-type=\"container\">\n\t\t\t\t\t<div class=\"e-con-inner\">\n\t\t\t\t<div class=\"elementor-element elementor-element-289d74c elementor-button-align-stretch elementor-widget elementor-widget-form\" data-id=\"289d74c\" data-element_type=\"widget\" data-e-type=\"widget\" data-settings=\"{&quot;step_next_label&quot;:&quot;Next&quot;,&quot;step_previous_label&quot;:&quot;Previous&quot;,&quot;button_width&quot;:&quot;100&quot;,&quot;step_type&quot;:&quot;number_text&quot;,&quot;step_icon_shape&quot;:&quot;circle&quot;}\" data-widget_type=\"form.default\">\n\t\t\t\t<div class=\"elementor-widget-container\">\n\t\t\t\t\t\t\t<form class=\"elementor-form\" method=\"post\" name=\"Dopyt na pracovn\u00fa ponuku\" aria-label=\"Dopyt na pracovn\u00fa ponuku\">\n\t\t\t<input type=\"hidden\" name=\"post_id\" value=\"665\"\/>\n\t\t\t<input type=\"hidden\" name=\"form_id\" value=\"289d74c\"\/>\n\t\t\t<input type=\"hidden\" name=\"referer_title\" value=\"Stellenangebot - Futuresk.eu - Mont\u00e1\u017e a demont\u00e1\u017e le\u0161en\u00ed\" \/>\n\n\t\t\t\t\t\t\t<input type=\"hidden\" name=\"queried_id\" value=\"665\"\/>\n\t\t\t\n\t\t\t<div class=\"elementor-form-fields-wrapper elementor-labels-above\">\n\t\t\t\t\t\t\t\t<div class=\"elementor-field-type-text elementor-field-group elementor-column elementor-field-group-name elementor-col-100 elementor-field-required elementor-mark-required\">\n\t\t\t\t\t\t\t\t\t\t\t\t<label for=\"form-field-name\" class=\"elementor-field-label\">\n\t\t\t\t\t\t\t\tVorname und Nachname\t\t\t\t\t\t\t<\/label>\n\t\t\t\t\t\t\t\t\t\t\t\t\t\t<input size=\"1\" type=\"text\" name=\"form_fields[name]\" id=\"form-field-name\" class=\"elementor-field elementor-size-sm  elementor-field-textual\" required=\"required\">\n\t\t\t\t\t\t\t\t\t\t\t<\/div>\n\t\t\t\t\t\t\t\t<div class=\"elementor-field-type-email elementor-field-group elementor-column elementor-field-group-email elementor-col-50 elementor-field-required elementor-mark-required\">\n\t\t\t\t\t\t\t\t\t\t\t\t<label for=\"form-field-email\" class=\"elementor-field-label\">\n\t\t\t\t\t\t\t\tE-mail\t\t\t\t\t\t\t<\/label>\n\t\t\t\t\t\t\t\t\t\t\t\t\t\t<input size=\"1\" type=\"email\" name=\"form_fields[email]\" id=\"form-field-email\" class=\"elementor-field elementor-size-sm  elementor-field-textual\" required=\"required\">\n\t\t\t\t\t\t\t\t\t\t\t<\/div>\n\t\t\t\t\t\t\t\t<div class=\"elementor-field-type-text elementor-field-group elementor-column elementor-field-group-field_5677035 elementor-col-50\">\n\t\t\t\t\t\t\t\t\t\t\t\t<label for=\"form-field-field_5677035\" class=\"elementor-field-label\">\n\t\t\t\t\t\t\t\tTelefonnummer\t\t\t\t\t\t\t<\/label>\n\t\t\t\t\t\t\t\t\t\t\t\t\t\t<input size=\"1\" type=\"text\" name=\"form_fields[field_5677035]\" id=\"form-field-field_5677035\" class=\"elementor-field elementor-size-sm  elementor-field-textual\">\n\t\t\t\t\t\t\t\t\t\t\t<\/div>\n\t\t\t\t\t\t\t\t<div class=\"elementor-field-type-number elementor-field-group elementor-column elementor-field-group-message elementor-col-100 elementor-field-required elementor-mark-required\">\n\t\t\t\t\t\t\t\t\t\t\t\t<label for=\"form-field-message\" class=\"elementor-field-label\">\n\t\t\t\t\t\t\t\tAnzahl der Jahre an Erfahrung in diesem Bereich\t\t\t\t\t\t\t<\/label>\n\t\t\t\t\t\t\t\t\t<input type=\"number\" name=\"form_fields[message]\" id=\"form-field-message\" class=\"elementor-field elementor-size-sm  elementor-field-textual\" required=\"required\" min=\"\" max=\"\" >\n\t\t\t\t\t\t<\/div>\n\t\t\t\t\t\t\t\t<div class=\"elementor-field-type-radio elementor-field-group elementor-column elementor-field-group-field_67ba414 elementor-col-100 elementor-field-required elementor-mark-required\">\n\t\t\t\t\t\t\t\t\t\t\t\t<label for=\"form-field-field_67ba414\" class=\"elementor-field-label\">\n\t\t\t\t\t\t\t\tF\u00fchrerschein\t\t\t\t\t\t\t<\/label>\n\t\t\t\t\t\t<div class=\"elementor-field-subgroup  \"><span class=\"elementor-field-option\"><input type=\"radio\" value=\"B\" id=\"form-field-field_67ba414-0\" name=\"form_fields[field_67ba414]\" required=\"required\"> <label for=\"form-field-field_67ba414-0\">B<\/label><\/span><span class=\"elementor-field-option\"><input type=\"radio\" value=\"B,C\" id=\"form-field-field_67ba414-1\" name=\"form_fields[field_67ba414]\" required=\"required\"> <label for=\"form-field-field_67ba414-1\">B,C<\/label><\/span><span class=\"elementor-field-option\"><input type=\"radio\" value=\"ohne F\u00fchrerschein\" id=\"form-field-field_67ba414-2\" name=\"form_fields[field_67ba414]\" required=\"required\"> <label for=\"form-field-field_67ba414-2\">ohne F\u00fchrerschein<\/label><\/span><\/div>\t\t\t\t<\/div>\n\t\t\t\t\t\t\t\t<div class=\"elementor-field-type-radio elementor-field-group elementor-column elementor-field-group-field_fe48ff9 elementor-col-100 elementor-field-required elementor-mark-required\">\n\t\t\t\t\t\t\t\t\t\t\t\t<label for=\"form-field-field_fe48ff9\" class=\"elementor-field-label\">\n\t\t\t\t\t\t\t\tSprachkenntnisse\t\t\t\t\t\t\t<\/label>\n\t\t\t\t\t\t<div class=\"elementor-field-subgroup  \"><span class=\"elementor-field-option\"><input type=\"radio\" value=\"keine\" id=\"form-field-field_fe48ff9-0\" name=\"form_fields[field_fe48ff9]\" required=\"required\"> <label for=\"form-field-field_fe48ff9-0\">keine<\/label><\/span><span class=\"elementor-field-option\"><input type=\"radio\" value=\"Anf\u00e4nger\" id=\"form-field-field_fe48ff9-1\" name=\"form_fields[field_fe48ff9]\" required=\"required\"> <label for=\"form-field-field_fe48ff9-1\">Anf\u00e4nger<\/label><\/span><span class=\"elementor-field-option\"><input type=\"radio\" value=\"Arbeitsdeutsch\" id=\"form-field-field_fe48ff9-2\" name=\"form_fields[field_fe48ff9]\" required=\"required\"> <label for=\"form-field-field_fe48ff9-2\">Arbeitsdeutsch<\/label><\/span><span class=\"elementor-field-option\"><input type=\"radio\" value=\"Fortgeschrittene\" id=\"form-field-field_fe48ff9-3\" name=\"form_fields[field_fe48ff9]\" required=\"required\"> <label for=\"form-field-field_fe48ff9-3\">Fortgeschrittene<\/label><\/span><\/div>\t\t\t\t<\/div>\n\t\t\t\t\t\t\t\t<div class=\"elementor-field-type-recaptcha_v3 elementor-field-group elementor-column elementor-field-group-field_e3f1006 elementor-col-100 recaptcha_v3-bottomright\">\n\t\t\t\t\t<div class=\"elementor-field\" id=\"form-field-field_e3f1006\"><div class=\"elementor-g-recaptcha\" data-sitekey=\"6Lfs3N4bAAAAAI6g5O1AsuAqIb_aZTt3XNrmyn-e\" data-type=\"v3\" data-action=\"Form\" data-badge=\"bottomright\" data-size=\"invisible\"><\/div><\/div>\t\t\t\t<\/div>\n\t\t\t\t\t\t\t\t<div class=\"elementor-field-group elementor-column elementor-field-type-submit elementor-col-100 e-form__buttons\">\n\t\t\t\t\t<button class=\"elementor-button elementor-size-sm\" type=\"submit\">\n\t\t\t\t\t\t<span class=\"elementor-button-content-wrapper\">\n\t\t\t\t\t\t\t\t\t\t\t\t\t\t\t\t\t\t\t\t\t\t<span class=\"elementor-button-text\">Senden<\/span>\n\t\t\t\t\t\t\t\t\t\t\t\t\t<\/span>\n\t\t\t\t\t<\/button>\n\t\t\t\t<\/div>\n\t\t\t<\/div>\n\t\t<\/form>\n\t\t\t\t\t\t<\/div>\n\t\t\t\t<\/div>\n\t\t\t\t<div class=\"elementor-element elementor-element-a63a765 elementor-widget elementor-widget-spacer\" data-id=\"a63a765\" data-element_type=\"widget\" data-e-type=\"widget\" data-widget_type=\"spacer.default\">\n\t\t\t\t<div class=\"elementor-widget-container\">\n\t\t\t\t\t\t\t<div class=\"elementor-spacer\">\n\t\t\t<div class=\"elementor-spacer-inner\"><\/div>\n\t\t<\/div>\n\t\t\t\t\t\t<\/div>\n\t\t\t\t<\/div>\n\t\t\t\t\t<\/div>\n\t\t\t\t<\/div>\n\t\t\t\t<\/div>\n\t\t","protected":false},"excerpt":{"rendered":"<p>Arbeit im Ausland mit Ger\u00fcsten Deutschland \/ \u00d6sterreich M\u00f6chten Sie als Ger\u00fcstbauer in unserem Team arbeiten? Dann f\u00fcllen Sie bitte unser Kontaktformular aus. Ich bin interessiert Wir bieten Ihnen an: attraktives Gehalt (je nach Berufserfahrung) Arbeitszyklus 2+1 oder Nach Vereinbarung Vorschusszahlungm\u00f6glichkeit nach der ersten Arbeitswoche Fahrtkostenzuschuss Unterkunft im Ausland ist organisiert und gesichert nach der [&hellip;]<\/p>\n","protected":false},"author":1,"featured_media":0,"parent":0,"menu_order":0,"comment_status":"closed","ping_status":"closed","template":"","meta":{"footnotes":""},"class_list":["post-665","page","type-page","status-publish","hentry"],"_links":{"self":[{"href":"https:\/\/www.futuresk.eu\/de\/wp-json\/wp\/v2\/pages\/665","targetHints":{"allow":["GET"]}}],"collection":[{"href":"https:\/\/www.futuresk.eu\/de\/wp-json\/wp\/v2\/pages"}],"about":[{"href":"https:\/\/www.futuresk.eu\/de\/wp-json\/wp\/v2\/types\/page"}],"author":[{"embeddable":true,"href":"https:\/\/www.futuresk.eu\/de\/wp-json\/wp\/v2\/users\/1"}],"replies":[{"embeddable":true,"href":"https:\/\/www.futuresk.eu\/de\/wp-json\/wp\/v2\/comments?post=665"}],"version-history":[{"count":30,"href":"https:\/\/www.futuresk.eu\/de\/wp-json\/wp\/v2\/pages\/665\/revisions"}],"predecessor-version":[{"id":769,"href":"https:\/\/www.futuresk.eu\/de\/wp-json\/wp\/v2\/pages\/665\/revisions\/769"}],"wp:attachment":[{"href":"https:\/\/www.futuresk.eu\/de\/wp-json\/wp\/v2\/media?parent=665"}],"curies":[{"name":"wp","href":"https:\/\/api.w.org\/{rel}","templated":true}]}}